{"id":73,"date":"2017-09-01T10:55:12","date_gmt":"2017-09-01T08:55:12","guid":{"rendered":"http:\/\/www.tyrode.ch\/?page_id=73\/"},"modified":"2022-11-30T13:57:45","modified_gmt":"2022-11-30T12:57:45","slug":"die-kaeserei","status":"publish","type":"page","link":"http:\/\/www.tyrode.ch\/de\/die-kaeserei\/","title":{"rendered":"Die K\u00e4serei"},"content":{"rendered":"<div>\n<p><strong>B\u00e9n\u00e9dicte und Vincent Tyrode<\/strong><br \/>\n<img decoding=\"async\" class=\"alignnone wp-image-323 size-large\" src=\"http:\/\/www.tyrode.ch\/wp-content\/uploads\/2022\/11\/couple-1024x683.jpg\" alt=\"\" width=\"1024\" srcset=\"http:\/\/www.tyrode.ch\/wp-content\/uploads\/2022\/11\/couple-1024x683.jpg 1024w, http:\/\/www.tyrode.ch\/wp-content\/uploads\/2022\/11\/couple-300x200.jpg 300w, http:\/\/www.tyrode.ch\/wp-content\/uploads\/2022\/11\/couple-768x512.jpg 768w, http:\/\/www.tyrode.ch\/wp-content\/uploads\/2022\/11\/couple-1536x1024.jpg 1536w, http:\/\/www.tyrode.ch\/wp-content\/uploads\/2022\/11\/couple-2048x1366.jpg 2048w, http:\/\/www.tyrode.ch\/wp-content\/uploads\/2022\/11\/couple-97x65.jpg 97w\" sizes=\"(max-width: 1024px) 100vw, 1024px\" \/><\/p>\n<p>Die neue K\u00e4serei von L&#8217;Auberson, die 2022 gebaut wurde, um die historische K\u00e4serei zu ersetzen, die 2010 renoviert wurde, befindet sich im Herzen des Dorfes.<\/p>\n<p>Sie nimmt jeden Tag die Milch der umliegenden Betriebe an (etwa 3 Millionen kg Milch pro Jahr). Dann wiederholt sich ein unver\u00e4nderliches Ritual: die K\u00e4seherstellung!<\/p>\n<p>&nbsp;<\/p>\n<h2 style=\"text-align: center;\">Der Laden<\/h2>\n<p><img decoding=\"async\" class=\"alignnone size-full wp-image-325\" src=\"http:\/\/www.tyrode.ch\/wp-content\/uploads\/2022\/11\/fromagerie.jpg\" alt=\"\" width=\"1000\" srcset=\"http:\/\/www.tyrode.ch\/wp-content\/uploads\/2022\/11\/fromagerie.jpg 1000w, http:\/\/www.tyrode.ch\/wp-content\/uploads\/2022\/11\/fromagerie-300x200.jpg 300w, http:\/\/www.tyrode.ch\/wp-content\/uploads\/2022\/11\/fromagerie-768x512.jpg 768w, http:\/\/www.tyrode.ch\/wp-content\/uploads\/2022\/11\/fromagerie-97x65.jpg 97w\" sizes=\"(max-width: 1000px) 100vw, 1000px\" \/><\/p>\n<p><img decoding=\"async\" class=\"alignnone size-full wp-image-317\" src=\"http:\/\/www.tyrode.ch\/wp-content\/uploads\/2022\/11\/magasin-scaled.jpg\" alt=\"\" width=\"2560\" srcset=\"http:\/\/www.tyrode.ch\/wp-content\/uploads\/2022\/11\/magasin-scaled.jpg 2560w, http:\/\/www.tyrode.ch\/wp-content\/uploads\/2022\/11\/magasin-300x200.jpg 300w, http:\/\/www.tyrode.ch\/wp-content\/uploads\/2022\/11\/magasin-1024x683.jpg 1024w, http:\/\/www.tyrode.ch\/wp-content\/uploads\/2022\/11\/magasin-768x512.jpg 768w, http:\/\/www.tyrode.ch\/wp-content\/uploads\/2022\/11\/magasin-1536x1025.jpg 1536w, http:\/\/www.tyrode.ch\/wp-content\/uploads\/2022\/11\/magasin-2048x1366.jpg 2048w, http:\/\/www.tyrode.ch\/wp-content\/uploads\/2022\/11\/magasin-97x65.jpg 97w\" sizes=\"(max-width: 2560px) 100vw, 2560px\" \/><\/p>\n<\/div>\n<h2><\/h2>\n<h2 style=\"text-align: center; margin-top: 20px;\">K\u00e4serei<\/h2>\n<p>&nbsp;<\/p>\n<p><img decoding=\"async\" class=\"alignnone size-full \" src=\"http:\/\/www.tyrode.ch\/wp-content\/uploads\/2022\/11\/labo3.jpg\" alt=\"\" width=\"1000\" \/> <img decoding=\"async\" class=\"alignnone size-full wp-image-333\" src=\"http:\/\/www.tyrode.ch\/wp-content\/uploads\/2022\/11\/labo4.jpg\" alt=\"\" width=\"1000\" srcset=\"http:\/\/www.tyrode.ch\/wp-content\/uploads\/2022\/11\/labo4.jpg 1000w, http:\/\/www.tyrode.ch\/wp-content\/uploads\/2022\/11\/labo4-300x200.jpg 300w, http:\/\/www.tyrode.ch\/wp-content\/uploads\/2022\/11\/labo4-768x512.jpg 768w, http:\/\/www.tyrode.ch\/wp-content\/uploads\/2022\/11\/labo4-97x65.jpg 97w\" sizes=\"(max-width: 1000px) 100vw, 1000px\" \/> <img decoding=\"async\" class=\"alignnone size-full wp-image-329\" src=\"http:\/\/www.tyrode.ch\/wp-content\/uploads\/2022\/11\/labo2.jpg\" alt=\"\" width=\"1000\" srcset=\"http:\/\/www.tyrode.ch\/wp-content\/uploads\/2022\/11\/labo2.jpg 1000w, http:\/\/www.tyrode.ch\/wp-content\/uploads\/2022\/11\/labo2-300x200.jpg 300w, http:\/\/www.tyrode.ch\/wp-content\/uploads\/2022\/11\/labo2-768x512.jpg 768w, http:\/\/www.tyrode.ch\/wp-content\/uploads\/2022\/11\/labo2-97x65.jpg 97w\" sizes=\"(max-width: 1000px) 100vw, 1000px\" \/> <img decoding=\"async\" class=\"alignnone size-full wp-image-327\" src=\"http:\/\/www.tyrode.ch\/wp-content\/uploads\/2022\/11\/labo1.jpg\" alt=\"\" width=\"1000\" srcset=\"http:\/\/www.tyrode.ch\/wp-content\/uploads\/2022\/11\/labo1.jpg 1000w, http:\/\/www.tyrode.ch\/wp-content\/uploads\/2022\/11\/labo1-300x200.jpg 300w, http:\/\/www.tyrode.ch\/wp-content\/uploads\/2022\/11\/labo1-768x512.jpg 768w, http:\/\/www.tyrode.ch\/wp-content\/uploads\/2022\/11\/labo1-97x65.jpg 97w\" sizes=\"(max-width: 1000px) 100vw, 1000px\" \/><\/p>\n<div><\/div>\n","protected":false},"excerpt":{"rendered":"<p>B\u00e9n\u00e9dicte und Vincent Tyrode Die neue K\u00e4serei von L&#8217;Auberson, die 2022 gebaut wurde, um die historische K\u00e4serei zu ersetzen, die 2010 renoviert wurde, befindet sich im Herzen des Dorfes. Sie nimmt jeden Tag die Milch der umliegenden Betriebe an (etwa 3 Millionen kg Milch pro Jahr). Dann wiederholt sich ein unver\u00e4nderliches Ritual: die K\u00e4seherstellung! &nbsp; [&hellip;]<\/p>\n","protected":false},"author":1,"featured_media":330,"parent":0,"menu_order":0,"comment_status":"closed","ping_status":"closed","template":"","meta":{"_acf_changed":false,"footnotes":""},"class_list":["post-73","page","type-page","status-publish","has-post-thumbnail","hentry"],"acf":[],"_links":{"self":[{"href":"http:\/\/www.tyrode.ch\/de\/wp-json\/wp\/v2\/pages\/73\/"}],"collection":[{"href":"http:\/\/www.tyrode.ch\/de\/wp-json\/wp\/v2\/pages\/"}],"about":[{"href":"http:\/\/www.tyrode.ch\/de\/wp-json\/wp\/v2\/types\/page\/"}],"author":[{"embeddable":true,"href":"http:\/\/www.tyrode.ch\/de\/wp-json\/wp\/v2\/users\/1\/"}],"replies":[{"embeddable":true,"href":"http:\/\/www.tyrode.ch\/de\/wp-json\/wp\/v2\/comments\/?post=73"}],"version-history":[{"count":10,"href":"http:\/\/www.tyrode.ch\/de\/wp-json\/wp\/v2\/pages\/73\/revisions\/"}],"predecessor-version":[{"id":356,"href":"http:\/\/www.tyrode.ch\/de\/wp-json\/wp\/v2\/pages\/73\/revisions\/356\/"}],"wp:featuredmedia":[{"embeddable":true,"href":"http:\/\/www.tyrode.ch\/de\/wp-json\/wp\/v2\/media\/330\/"}],"wp:attachment":[{"href":"http:\/\/www.tyrode.ch\/de\/wp-json\/wp\/v2\/media\/?parent=73"}],"curies":[{"name":"wp","href":"https:\/\/api.w.org\/{rel}","templated":true}]}}